{"id":5,"date":"2016-02-18T19:07:10","date_gmt":"2016-02-18T19:07:10","guid":{"rendered":"http:\/\/friseur-atelier-lauingen.de\/?page_id=5"},"modified":"2016-03-12T10:37:22","modified_gmt":"2016-03-12T10:37:22","slug":"index","status":"publish","type":"page","link":"https:\/\/friseur-atelier-lauingen.de\/","title":{"rendered":""},"content":{"rendered":"<div align=\"center\">\n<p><img loading=\"lazy\" decoding=\"async\" class=\"alignnone size-full wp-image-20\" src=\"http:\/\/friseur-atelier-lauingen.de\/wp-content\/uploads\/2016\/02\/e6c0637f-1c39-478c-843f-10e039842a37.jpg\" alt=\"e6c0637f-1c39-478c-843f-10e039842a37\" width=\"422\" height=\"514\" \/><\/p>\n<\/div>\n<div align=\"center\">\n<h3><strong><span style=\"font-family: Arial;\">H<\/span><\/strong><strong><span style=\"font-family: Arial;\">ier entsteht i<\/span><\/strong><strong><span style=\"font-family: Arial;\">n K\u00fcrze eine neue Internetpr\u00e4senz.<\/span><\/strong><\/h3>\n<h3><strong><span style=\"font-family: Arial;\">Vielen Dank f\u00fcr Ihren Besuch!<\/span><\/strong><\/h3>\n<\/div>\n<p>&nbsp;<\/p>\n<p>&nbsp;<\/p>\n<p>&nbsp;<\/p>\n<h2 class=\"headerInfo1\" style=\"text-align: center;\">IMPRESSUM<\/h2>\n<div class=\"impressum\">\n<p style=\"text-align: center;\">Friseursalon<br \/>\nStefanie Rempel<br \/>\nJohannesstra\u00dfe 2<br \/>\n89415 Lauingen<\/p>\n<p style=\"text-align: center;\"><strong>Inhaber<\/strong><br \/>\nStefanie Rempel<\/p>\n<p style=\"text-align: center;\"><strong>Kontakt:<\/strong><br \/>\nTelefon: 09072 \u2013 2266<br \/>\nE-Mail: friseur-atelier@gmx.de<br \/>\nwww.friseur-atelier-lauingen.de<\/p>\n<p style=\"text-align: center;\"><strong>Stuernummer:<\/strong><br \/>\n109 261 907 47<\/p>\n<p style=\"text-align: center;\"><strong>Umsatzsteuer-ID:<\/strong><br \/>\nBeantragt<\/p>\n<p style=\"text-align: center;\"><strong>Registereintrag:<\/strong><br \/>\nHandwerkskammer \u2013 Innung<br \/>\nAugsburg<\/p>\n<p style=\"text-align: center;\"><strong>Haftpflichtversicherung: <\/strong><\/p>\n<p style=\"text-align: center;\">Aachen M\u00fcnchener<\/p>\n<p style=\"text-align: center;\"><strong>Haftung f\u00fcr Inhalte<\/strong><br \/>\nDie Inhalte unserer Webseite wurden mit gr\u00f6\u00dfter Sorgfalt erstellt. F\u00fcr die Richtigkeit, Vollst\u00e4ndigkeit und Aktualit\u00e4t der Inhalte k\u00f6nnen wir jedoch keine Gew\u00e4hr \u00fcbernehmen. Als Diensteanbieter sind wir gem\u00e4\u00df \u00a7 7 Abs.1 TMG f\u00fcr eigene Inhalte auf dieser Webseite nach den allgemeinen Gesetzen verantwortlich. Nach \u00a7\u00a7 8 bis 10 TMG sind wir als Diensteanbieter jedoch nicht verpflichtet, \u00fcbermittelte oder gespeicherte fremde Informationen zu \u00fcberwachen oder nach Umst\u00e4nden zu forschen, die auf eine rechtswidrige T\u00e4tigkeit hinweisen. Verpflichtungen zur Entfernung oder Sperrung der Nutzung von Informationen nach den allgemeinen Gesetzen bleiben hiervon unber\u00fchrt. Eine diesbez\u00fcgliche Haftung ist jedoch erst ab dem Zeitpunkt der Kenntnis einer konkreten Rechtsverletzung m\u00f6glich. Bei Bekanntwerden von entsprechenden Rechtsverletzungen werden wir diese Inhalte umgehend entfernen.<\/p>\n<\/div>\n","protected":false},"excerpt":{"rendered":"<p>Hier entsteht in K\u00fcrze eine neue Internetpr\u00e4senz. Vielen Dank f\u00fcr Ihren Besuch! &nbsp; &nbsp; &nbsp; IMPRESSUM Friseursalon Stefanie Rempel Johannesstra\u00dfe 2 89415 Lauingen Inhaber Stefanie Rempel Kontakt: Telefon: 09072 \u2013 2266 E-Mail: friseur-atelier@gmx.de www.friseur-atelier-lauingen.de Stuernummer: 109 261 907 47 Umsatzsteuer-ID: Beantragt Registereintrag: Handwerkskammer \u2013 Innung Augsburg Haftpflichtversicherung: Aachen M\u00fcnchener Haftung f\u00fcr Inhalte Die Inhalte unserer [&hellip;]<\/p>\n","protected":false},"author":1,"featured_media":0,"parent":0,"menu_order":0,"comment_status":"closed","ping_status":"closed","template":"","meta":{"footnotes":""},"class_list":["post-5","page","type-page","status-publish","hentry"],"_links":{"self":[{"href":"https:\/\/friseur-atelier-lauingen.de\/index.php?rest_route=\/wp\/v2\/pages\/5","targetHints":{"allow":["GET"]}}],"collection":[{"href":"https:\/\/friseur-atelier-lauingen.de\/index.php?rest_route=\/wp\/v2\/pages"}],"about":[{"href":"https:\/\/friseur-atelier-lauingen.de\/index.php?rest_route=\/wp\/v2\/types\/page"}],"author":[{"embeddable":true,"href":"https:\/\/friseur-atelier-lauingen.de\/index.php?rest_route=\/wp\/v2\/users\/1"}],"replies":[{"embeddable":true,"href":"https:\/\/friseur-atelier-lauingen.de\/index.php?rest_route=%2Fwp%2Fv2%2Fcomments&post=5"}],"version-history":[{"count":13,"href":"https:\/\/friseur-atelier-lauingen.de\/index.php?rest_route=\/wp\/v2\/pages\/5\/revisions"}],"predecessor-version":[{"id":24,"href":"https:\/\/friseur-atelier-lauingen.de\/index.php?rest_route=\/wp\/v2\/pages\/5\/revisions\/24"}],"wp:attachment":[{"href":"https:\/\/friseur-atelier-lauingen.de\/index.php?rest_route=%2Fwp%2Fv2%2Fmedia&parent=5"}],"curies":[{"name":"wp","href":"https:\/\/api.w.org\/{rel}","templated":true}]}}